{"id":277,"date":"2022-12-29T08:06:16","date_gmt":"2022-12-29T08:06:16","guid":{"rendered":"https:\/\/noweprzetargi.pl\/warsztaty\/?page_id=277"},"modified":"2023-01-03T09:39:37","modified_gmt":"2023-01-03T09:39:37","slug":"wieliczka-kontakt","status":"publish","type":"page","link":"https:\/\/noweprzetargi.pl\/warsztaty\/wieliczka-kontakt\/","title":{"rendered":"Kontakt Wieliczka"},"content":{"rendered":"<div class=\"bt_rc_container\"><section id=\"bt_section69e72ab37eff6\"  class=\"boldSection gutter inherit wBackground cover\" style=\"background-image:url('https:\/\/noweprzetargi.pl\/warsztaty\/wp-content\/uploads\/2022\/12\/tlo_kontakt-2.png');\"><div class=\"port\"><div class=\"boldCell\"><div class=\"boldCellInner\"><div class=\"boldRow \" ><div class=\"boldRowInner\"><div class=\"rowItem col-md-12 col-ms-12  btTextLeft\"  data-width=\"12\"><div class=\"rowItemContent\" ><div class=\"btClear btSeparator noBorder\" ><hr><\/div><\/div><\/div><\/div><\/div><\/div><\/div><\/div><\/section><section id=\"bt_section69e72ab37fb28\"  class=\"boldSection gutter inherit wBackground cover\" style=\"background-image:url('https:\/\/noweprzetargi.pl\/warsztaty\/wp-content\/uploads\/2022\/12\/tlo_kontakt-4.png');\"><div class=\"port\"><div class=\"boldCell\"><div class=\"boldCellInner\"><div class=\"boldRow \" ><div class=\"boldRowInner\"><div class=\"rowItem col-md-12 col-ms-12  btTextLeft\"  data-width=\"12\"><div class=\"rowItemContent\" ><div class=\"btClear btSeparator topLargeSpaced noBorder\" ><hr><\/div><div class=\"btClear btSeparator topLargeSpaced noBorder\" ><hr><\/div><\/div><\/div><\/div><\/div><div class=\"boldRow \" ><div class=\"boldRowInner\"><div class=\"rowItem col-md-4 col-ms-12 btTextLeft\"  data-width=\"4\"><div class=\"rowItemContent\" ><div class=\"btText\" ><div class=\"title\">\n<p><span style=\"font-size: 16px; font-family: Raleway, Arial, sans-serif; font-weight: 400;\">Zach\u0119camy do kontaktu telefonicznego \u2013 nasi konsultanci s\u0105 do Twojej dyspozycji pod numerami telefon\u00f3w:<\/span><\/p>\n<\/div>\n<div class=\"content-blog\">\n<section class=\"wpb-content-wrapper\">\n<div class=\"vc_row wpb_row vc_row-fluid\">\n<div class=\"wpb_column vc_column_container vc_col-sm-3\">\n<div class=\"vc_column-inner\">\n<div class=\"wpb_wrapper\">\n<div class=\"wpb_text_column wpb_content_element \">\n<div class=\"wpb_wrapper\">\n<p><strong>(22) 22 52\u00a0842 <\/strong><\/p>\n<p>lub<\/p>\n<p><strong>(17) 85 33\u00a0777<\/strong><\/p>\n<p>oraz pod numerem infolinii: <strong>801 889 888<\/strong>.<\/p>\n<p>Poczta elektroniczna: szkolenia@noweprzetargi.pl<\/p>\n<p><strong>CDIK Nowe Przetargi<\/strong><\/p>\n<p>ul. Z\u0142ota 7\/18, 00-019 Warszawa<\/p>\n<p>ul. Ustrzycka 118 B, 35-504 Rzesz\u00f3w<\/p>\n<\/div>\n<\/div>\n<\/div>\n<\/div>\n<\/div>\n<\/div>\n<\/section>\n<\/div>\n<\/div><\/div><\/div><div class=\"rowItem col-md-8 col-ms-12 btTextLeft\"  data-width=\"8\"><div class=\"rowItemContent\" ><div class=\"btText\" >\n<div class=\"wpcf7 no-js\" id=\"wpcf7-f276-o1\" lang=\"pl-PL\" dir=\"ltr\" data-wpcf7-id=\"276\">\n<div class=\"screen-reader-response\"><p role=\"status\" aria-live=\"polite\" aria-atomic=\"true\"><\/p> <ul><\/ul><\/div>\n<form action=\"\/warsztaty\/wp-json\/wp\/v2\/pages\/277#wpcf7-f276-o1\" method=\"post\" class=\"wpcf7-form init\" aria-label=\"Formularz kontaktowy\" novalidate=\"novalidate\" data-status=\"init\">\n<fieldset class=\"hidden-fields-container\"><input type=\"hidden\" name=\"_wpcf7\" value=\"276\" \/><input type=\"hidden\" name=\"_wpcf7_version\" value=\"6.1.5\" \/><input type=\"hidden\" name=\"_wpcf7_locale\" value=\"pl_PL\" \/><input type=\"hidden\" name=\"_wpcf7_unit_tag\" value=\"wpcf7-f276-o1\" \/><input type=\"hidden\" name=\"_wpcf7_container_post\" value=\"0\" \/><input type=\"hidden\" name=\"_wpcf7_posted_data_hash\" value=\"\" \/><input type=\"hidden\" name=\"_wpcf7_recaptcha_response\" value=\"\" \/>\n<\/fieldset>\n<p><label> Twoje imi\u0119 i nazwisko<br \/>\n<span class=\"wpcf7-form-control-wrap\" data-name=\"your-name\"><input size=\"40\" maxlength=\"400\" class=\"wpcf7-form-control wpcf7-text wpcf7-validates-as-required\" autocomplete=\"name\" aria-required=\"true\" aria-invalid=\"false\" value=\"\" type=\"text\" name=\"your-name\" \/><\/span> <\/label>\n<\/p>\n<p><label> Tw\u00f3j adres e-mail<br \/>\n<span class=\"wpcf7-form-control-wrap\" data-name=\"your-email\"><input size=\"40\" maxlength=\"400\" class=\"wpcf7-form-control wpcf7-email wpcf7-validates-as-required wpcf7-text wpcf7-validates-as-email\" autocomplete=\"email\" aria-required=\"true\" aria-invalid=\"false\" value=\"\" type=\"email\" name=\"your-email\" \/><\/span> <\/label>\n<\/p>\n<p><label> Temat<br \/>\n<span class=\"wpcf7-form-control-wrap\" data-name=\"your-subject\"><input size=\"40\" maxlength=\"400\" class=\"wpcf7-form-control wpcf7-text wpcf7-validates-as-required\" aria-required=\"true\" aria-invalid=\"false\" value=\"\" type=\"text\" name=\"your-subject\" \/><\/span> <\/label>\n<\/p>\n<p><label> Twoja wiadomo\u015bci (opcjonalne)<br \/>\n<span class=\"wpcf7-form-control-wrap\" data-name=\"your-message\"><textarea cols=\"40\" rows=\"10\" maxlength=\"2000\" class=\"wpcf7-form-control wpcf7-textarea\" aria-invalid=\"false\" name=\"your-message\"><\/textarea><\/span> <\/label>\n<\/p>\n<p><input class=\"wpcf7-form-control wpcf7-submit has-spinner\" type=\"submit\" value=\"Wy\u015blij\" \/>\n<\/p><div class=\"wpcf7-response-output\" aria-hidden=\"true\"><\/div>\n<\/form>\n<\/div>\n<\/div><\/div><\/div><\/div><\/div><\/div><\/div><\/div><\/section><section id=\"bt_section69e72ab3849f9\"  class=\"boldSection gutter\" ><div class=\"port\"><div class=\"boldCell\"><div class=\"boldCellInner\"><div class=\"boldRow \" ><div class=\"boldRowInner\"><div class=\"rowItem col-md-12 col-ms-12  btTextLeft\"  data-width=\"12\"><div class=\"rowItemContent\" ><div class=\"btClear btSeparator topLargeSpaced noBorder\" ><hr><\/div><\/div><\/div><\/div><\/div><\/div><\/div><\/div><\/section><\/div>","protected":false},"excerpt":{"rendered":"","protected":false},"author":1,"featured_media":0,"parent":0,"menu_order":0,"comment_status":"closed","ping_status":"closed","template":"","meta":{"footnotes":""},"class_list":["post-277","page","type-page","status-publish","hentry"],"yoast_head":"<!-- This site is optimized with the Yoast SEO plugin v27.3 - https:\/\/yoast.com\/product\/yoast-seo-wordpress\/ -->\n<title>Kontakt Wieliczka - Warsztaty Zam\u00f3wie\u0144 Publicznych<\/title>\n<meta name=\"robots\" content=\"index, follow, max-snippet:-1, max-image-preview:large, max-video-preview:-1\" \/>\n<link rel=\"canonical\" href=\"https:\/\/noweprzetargi.pl\/warsztaty\/wieliczka-kontakt\/\" \/>\n<meta property=\"og:locale\" content=\"pl_PL\" \/>\n<meta property=\"og:type\" content=\"article\" \/>\n<meta property=\"og:title\" content=\"Kontakt Wieliczka - Warsztaty Zam\u00f3wie\u0144 Publicznych\" \/>\n<meta property=\"og:url\" content=\"https:\/\/noweprzetargi.pl\/warsztaty\/wieliczka-kontakt\/\" \/>\n<meta property=\"og:site_name\" content=\"Warsztaty Zam\u00f3wie\u0144 Publicznych\" \/>\n<meta property=\"article:publisher\" content=\"https:\/\/www.facebook.com\/nowe.przetargi\/\" \/>\n<meta property=\"article:modified_time\" content=\"2023-01-03T09:39:37+00:00\" \/>\n<meta name=\"twitter:card\" content=\"summary_large_image\" \/>\n<meta name=\"twitter:label1\" content=\"Szacowany czas czytania\" \/>\n\t<meta name=\"twitter:data1\" content=\"1 minuta\" \/>\n<script type=\"application\/ld+json\" class=\"yoast-schema-graph\">{\"@context\":\"https:\\\/\\\/schema.org\",\"@graph\":[{\"@type\":\"WebPage\",\"@id\":\"https:\\\/\\\/noweprzetargi.pl\\\/warsztaty\\\/wieliczka-kontakt\\\/\",\"url\":\"https:\\\/\\\/noweprzetargi.pl\\\/warsztaty\\\/wieliczka-kontakt\\\/\",\"name\":\"Kontakt Wieliczka - Warsztaty Zam\u00f3wie\u0144 Publicznych\",\"isPartOf\":{\"@id\":\"https:\\\/\\\/noweprzetargi.pl\\\/warsztaty\\\/#website\"},\"datePublished\":\"2022-12-29T08:06:16+00:00\",\"dateModified\":\"2023-01-03T09:39:37+00:00\",\"breadcrumb\":{\"@id\":\"https:\\\/\\\/noweprzetargi.pl\\\/warsztaty\\\/wieliczka-kontakt\\\/#breadcrumb\"},\"inLanguage\":\"pl-PL\",\"potentialAction\":[{\"@type\":\"ReadAction\",\"target\":[\"https:\\\/\\\/noweprzetargi.pl\\\/warsztaty\\\/wieliczka-kontakt\\\/\"]}]},{\"@type\":\"BreadcrumbList\",\"@id\":\"https:\\\/\\\/noweprzetargi.pl\\\/warsztaty\\\/wieliczka-kontakt\\\/#breadcrumb\",\"itemListElement\":[{\"@type\":\"ListItem\",\"position\":1,\"name\":\"Strona g\u0142\u00f3wna\",\"item\":\"https:\\\/\\\/noweprzetargi.pl\\\/warsztaty\\\/\"},{\"@type\":\"ListItem\",\"position\":2,\"name\":\"Kontakt Wieliczka\"}]},{\"@type\":\"WebSite\",\"@id\":\"https:\\\/\\\/noweprzetargi.pl\\\/warsztaty\\\/#website\",\"url\":\"https:\\\/\\\/noweprzetargi.pl\\\/warsztaty\\\/\",\"name\":\"Warsztaty Zam\u00f3wie\u0144 Publicznych\",\"description\":\"Szkolenia lepsze ni\u017c te do kt\u00f3rych przywyk\u0142e\u015b\",\"publisher\":{\"@id\":\"https:\\\/\\\/noweprzetargi.pl\\\/warsztaty\\\/#organization\"},\"potentialAction\":[{\"@type\":\"SearchAction\",\"target\":{\"@type\":\"EntryPoint\",\"urlTemplate\":\"https:\\\/\\\/noweprzetargi.pl\\\/warsztaty\\\/?s={search_term_string}\"},\"query-input\":{\"@type\":\"PropertyValueSpecification\",\"valueRequired\":true,\"valueName\":\"search_term_string\"}}],\"inLanguage\":\"pl-PL\"},{\"@type\":\"Organization\",\"@id\":\"https:\\\/\\\/noweprzetargi.pl\\\/warsztaty\\\/#organization\",\"name\":\"Warsztaty Zam\u00f3wie\u0144 Publicznych\",\"url\":\"https:\\\/\\\/noweprzetargi.pl\\\/warsztaty\\\/\",\"logo\":{\"@type\":\"ImageObject\",\"inLanguage\":\"pl-PL\",\"@id\":\"https:\\\/\\\/noweprzetargi.pl\\\/warsztaty\\\/#\\\/schema\\\/logo\\\/image\\\/\",\"url\":\"https:\\\/\\\/noweprzetargi.pl\\\/warsztaty\\\/wp-content\\\/uploads\\\/2022\\\/12\\\/np-100-600.png\",\"contentUrl\":\"https:\\\/\\\/noweprzetargi.pl\\\/warsztaty\\\/wp-content\\\/uploads\\\/2022\\\/12\\\/np-100-600.png\",\"width\":660,\"height\":110,\"caption\":\"Warsztaty Zam\u00f3wie\u0144 Publicznych\"},\"image\":{\"@id\":\"https:\\\/\\\/noweprzetargi.pl\\\/warsztaty\\\/#\\\/schema\\\/logo\\\/image\\\/\"},\"sameAs\":[\"https:\\\/\\\/www.facebook.com\\\/nowe.przetargi\\\/\"]}]}<\/script>\n<!-- \/ Yoast SEO plugin. -->","yoast_head_json":{"title":"Kontakt Wieliczka - Warsztaty Zam\u00f3wie\u0144 Publicznych","robots":{"index":"index","follow":"follow","max-snippet":"max-snippet:-1","max-image-preview":"max-image-preview:large","max-video-preview":"max-video-preview:-1"},"canonical":"https:\/\/noweprzetargi.pl\/warsztaty\/wieliczka-kontakt\/","og_locale":"pl_PL","og_type":"article","og_title":"Kontakt Wieliczka - Warsztaty Zam\u00f3wie\u0144 Publicznych","og_url":"https:\/\/noweprzetargi.pl\/warsztaty\/wieliczka-kontakt\/","og_site_name":"Warsztaty Zam\u00f3wie\u0144 Publicznych","article_publisher":"https:\/\/www.facebook.com\/nowe.przetargi\/","article_modified_time":"2023-01-03T09:39:37+00:00","twitter_card":"summary_large_image","twitter_misc":{"Szacowany czas czytania":"1 minuta"},"schema":{"@context":"https:\/\/schema.org","@graph":[{"@type":"WebPage","@id":"https:\/\/noweprzetargi.pl\/warsztaty\/wieliczka-kontakt\/","url":"https:\/\/noweprzetargi.pl\/warsztaty\/wieliczka-kontakt\/","name":"Kontakt Wieliczka - Warsztaty Zam\u00f3wie\u0144 Publicznych","isPartOf":{"@id":"https:\/\/noweprzetargi.pl\/warsztaty\/#website"},"datePublished":"2022-12-29T08:06:16+00:00","dateModified":"2023-01-03T09:39:37+00:00","breadcrumb":{"@id":"https:\/\/noweprzetargi.pl\/warsztaty\/wieliczka-kontakt\/#breadcrumb"},"inLanguage":"pl-PL","potentialAction":[{"@type":"ReadAction","target":["https:\/\/noweprzetargi.pl\/warsztaty\/wieliczka-kontakt\/"]}]},{"@type":"BreadcrumbList","@id":"https:\/\/noweprzetargi.pl\/warsztaty\/wieliczka-kontakt\/#breadcrumb","itemListElement":[{"@type":"ListItem","position":1,"name":"Strona g\u0142\u00f3wna","item":"https:\/\/noweprzetargi.pl\/warsztaty\/"},{"@type":"ListItem","position":2,"name":"Kontakt Wieliczka"}]},{"@type":"WebSite","@id":"https:\/\/noweprzetargi.pl\/warsztaty\/#website","url":"https:\/\/noweprzetargi.pl\/warsztaty\/","name":"Warsztaty Zam\u00f3wie\u0144 Publicznych","description":"Szkolenia lepsze ni\u017c te do kt\u00f3rych przywyk\u0142e\u015b","publisher":{"@id":"https:\/\/noweprzetargi.pl\/warsztaty\/#organization"},"potentialAction":[{"@type":"SearchAction","target":{"@type":"EntryPoint","urlTemplate":"https:\/\/noweprzetargi.pl\/warsztaty\/?s={search_term_string}"},"query-input":{"@type":"PropertyValueSpecification","valueRequired":true,"valueName":"search_term_string"}}],"inLanguage":"pl-PL"},{"@type":"Organization","@id":"https:\/\/noweprzetargi.pl\/warsztaty\/#organization","name":"Warsztaty Zam\u00f3wie\u0144 Publicznych","url":"https:\/\/noweprzetargi.pl\/warsztaty\/","logo":{"@type":"ImageObject","inLanguage":"pl-PL","@id":"https:\/\/noweprzetargi.pl\/warsztaty\/#\/schema\/logo\/image\/","url":"https:\/\/noweprzetargi.pl\/warsztaty\/wp-content\/uploads\/2022\/12\/np-100-600.png","contentUrl":"https:\/\/noweprzetargi.pl\/warsztaty\/wp-content\/uploads\/2022\/12\/np-100-600.png","width":660,"height":110,"caption":"Warsztaty Zam\u00f3wie\u0144 Publicznych"},"image":{"@id":"https:\/\/noweprzetargi.pl\/warsztaty\/#\/schema\/logo\/image\/"},"sameAs":["https:\/\/www.facebook.com\/nowe.przetargi\/"]}]}},"_links":{"self":[{"href":"https:\/\/noweprzetargi.pl\/warsztaty\/wp-json\/wp\/v2\/pages\/277","targetHints":{"allow":["GET"]}}],"collection":[{"href":"https:\/\/noweprzetargi.pl\/warsztaty\/wp-json\/wp\/v2\/pages"}],"about":[{"href":"https:\/\/noweprzetargi.pl\/warsztaty\/wp-json\/wp\/v2\/types\/page"}],"author":[{"embeddable":true,"href":"https:\/\/noweprzetargi.pl\/warsztaty\/wp-json\/wp\/v2\/users\/1"}],"replies":[{"embeddable":true,"href":"https:\/\/noweprzetargi.pl\/warsztaty\/wp-json\/wp\/v2\/comments?post=277"}],"version-history":[{"count":20,"href":"https:\/\/noweprzetargi.pl\/warsztaty\/wp-json\/wp\/v2\/pages\/277\/revisions"}],"predecessor-version":[{"id":318,"href":"https:\/\/noweprzetargi.pl\/warsztaty\/wp-json\/wp\/v2\/pages\/277\/revisions\/318"}],"wp:attachment":[{"href":"https:\/\/noweprzetargi.pl\/warsztaty\/wp-json\/wp\/v2\/media?parent=277"}],"curies":[{"name":"wp","href":"https:\/\/api.w.org\/{rel}","templated":true}]}}