{"id":423,"date":"2023-01-03T14:46:37","date_gmt":"2023-01-03T14:46:37","guid":{"rendered":"https:\/\/noweprzetargi.pl\/warsztaty\/?page_id=423"},"modified":"2023-01-03T15:25:20","modified_gmt":"2023-01-03T15:25:20","slug":"o-nas","status":"publish","type":"page","link":"https:\/\/noweprzetargi.pl\/warsztaty\/o-nas\/","title":{"rendered":"O nas"},"content":{"rendered":"<div class=\"bt_rc_container\"><section id=\"bt_section69f70e9e2e3c6\"  class=\"boldSection gutter inherit wBackground cover\" style=\"background-color:#000000;background-image:url('https:\/\/noweprzetargi.pl\/warsztaty\/wp-content\/uploads\/2023\/01\/tlo_kontakt_2.jpg');\"><div class=\"port\"><div class=\"boldCell\"><div class=\"boldCellInner\"><div class=\"boldRow \" ><div class=\"boldRowInner\"><div class=\"rowItem col-md-12 col-ms-12  btTextLeft inherit\" style=\"background-color: rgba(0, 0, 0, 1);\" data-width=\"12\"><div class=\"rowItemContent\" ><div class=\"btClear btSeparator noBorder\" ><hr><\/div><\/div><\/div><\/div><\/div><\/div><\/div><\/div><\/section><section id=\"bt_section69f70e9e2e6ef\"  class=\"boldSection gutter inherit wBackground cover\" style=\"background-image:url('https:\/\/noweprzetargi.pl\/warsztaty\/wp-content\/uploads\/2023\/01\/tlo_kontakt-1.jpg');\"><div class=\"port\"><div class=\"boldCell\"><div class=\"boldCellInner\"><div class=\"boldRow \" ><div class=\"boldRowInner\"><div class=\"rowItem col-md-12 col-ms-12  btTextLeft\"  data-width=\"12\"><div class=\"rowItemContent\" ><div class=\"btClear btSeparator topExtraSpaced noBorder\" ><hr><\/div><div class=\"btClear btSeparator topSmallSpaced noBorder\" ><hr><\/div><\/div><\/div><\/div><\/div><div class=\"boldRow \" ><div class=\"boldRowInner\"><div class=\"rowItem col-md-12 col-ms-12  btTextLeft\"  data-width=\"12\"><div class=\"rowItemContent\" ><header class=\"header btClear medium\" ><div class=\"btSuperTitle\">Kim jeste\u015bmy<\/div><div class=\"dash\"><h3><span class=\"headline\">Centrum Doradztwa i Kszta\u0142cenia &quot;Nowe Przetargi&quot; <\/span><\/h3><\/div><\/header><div class=\"btClear btSeparator\" ><hr><\/div><div class=\"btText\" ><p>Firma CDIK &#8222;Nowe Przetargi&#8221; specjalizuje si\u0119 w cyklicznym organizowaniu szkole\u0144 otwartych zar\u00f3wno w formule online jak i stacjonarnej z zakresu prawa zam\u00f3wie\u0144 publicznych na terenie ca\u0142ego kraju. W ci\u0105gu ponad 20 lat dzia\u0142alno\u015bci przeszkolili\u015bmy w\u00a0ramach r\u00f3\u017cnych kurs\u00f3w i trening\u00f3w dziesi\u0105tki tysi\u0119cy os\u00f3b, wiele podmiot\u00f3w skorzysta\u0142o te\u017c z us\u0142ug doradztwa gospodarczego \u015bwiadczonego przez naszych konsultant\u00f3w.<\/p>\n<p><img loading=\"lazy\" decoding=\"async\" class=\"wp-image-463 size-full alignleft\" src=\"https:\/\/noweprzetargi.pl\/warsztaty\/wp-content\/uploads\/2023\/01\/iso_9001_1.jpg\" alt=\"\" width=\"300\" height=\"300\" srcset=\"https:\/\/noweprzetargi.pl\/warsztaty\/wp-content\/uploads\/2023\/01\/iso_9001_1.jpg 300w, https:\/\/noweprzetargi.pl\/warsztaty\/wp-content\/uploads\/2023\/01\/iso_9001_1-160x160.jpg 160w\" sizes=\"auto, (max-width: 300px) 100vw, 300px\" \/>Centrum Doradztwa i\u00a0Kszta\u0142cenia &#8222;Nowe Przetargi&#8221; widnieje w rejestrze instytucji szkoleniowych Wojew\u00f3dzkiego Urz\u0119du Pracy pod numerem ewidencyjnym 2.18\/00040\/2007. Firma znajduje si\u0119 r\u00f3wnie\u017c w ewidencji jednostek upowa\u017cnionych do organizowania i prowadzenia szkole\u0144 w s\u0142u\u017cbie cywilnej prowadzonej przez Urz\u0105d S\u0142u\u017cby Cywilnej w Warszawie oraz posiada Certyfikat ISO 9001 (PN-EN ISO 9001:2015).<\/p>\n<p><span style=\"font-size: 16px; font-family: Raleway, Arial, sans-serif; font-weight: 400;\">Zach\u0119camy do kontaktu telefonicznego \u2013 nasi konsultanci s\u0105 do Twojej dyspozycji pod numerami telefon\u00f3w: <\/span><strong>(22) 22 52 842 <\/strong>lub <strong>(17) 85 33 777 <\/strong>oraz pod numerem infolinii: <strong>801 889 888<\/strong>.<\/p>\n<\/div><\/div><\/div><\/div><\/div><\/div><\/div><\/div><\/section><section id=\"bt_section69f70e9e2e912\"  class=\"boldSection gutter\" ><div class=\"port\"><div class=\"boldCell\"><div class=\"boldCellInner\"><div class=\"boldRow \" ><div class=\"boldRowInner\"><div class=\"rowItem col-md-12 col-ms-12  btTextLeft\"  data-width=\"12\"><div class=\"rowItemContent\" ><div class=\"btClear btSeparator topLargeSpaced noBorder\" ><hr><\/div><\/div><\/div><\/div><\/div><\/div><\/div><\/div><\/section><\/div>","protected":false},"excerpt":{"rendered":"","protected":false},"author":1,"featured_media":0,"parent":0,"menu_order":0,"comment_status":"closed","ping_status":"closed","template":"","meta":{"footnotes":""},"class_list":["post-423","page","type-page","status-publish","hentry"],"yoast_head":"<!-- This site is optimized with the Yoast SEO plugin v27.3 - https:\/\/yoast.com\/product\/yoast-seo-wordpress\/ -->\n<title>O nas - Warsztaty Zam\u00f3wie\u0144 Publicznych<\/title>\n<meta name=\"robots\" content=\"index, follow, max-snippet:-1, max-image-preview:large, max-video-preview:-1\" \/>\n<link rel=\"canonical\" href=\"https:\/\/noweprzetargi.pl\/warsztaty\/o-nas\/\" \/>\n<meta property=\"og:locale\" content=\"pl_PL\" \/>\n<meta property=\"og:type\" content=\"article\" \/>\n<meta property=\"og:title\" content=\"O nas - Warsztaty Zam\u00f3wie\u0144 Publicznych\" \/>\n<meta property=\"og:url\" content=\"https:\/\/noweprzetargi.pl\/warsztaty\/o-nas\/\" \/>\n<meta property=\"og:site_name\" content=\"Warsztaty Zam\u00f3wie\u0144 Publicznych\" \/>\n<meta property=\"article:publisher\" content=\"https:\/\/www.facebook.com\/nowe.przetargi\/\" \/>\n<meta property=\"article:modified_time\" content=\"2023-01-03T15:25:20+00:00\" \/>\n<meta property=\"og:image\" content=\"https:\/\/noweprzetargi.pl\/warsztaty\/wp-content\/uploads\/2023\/01\/iso_9001_1.jpg\" \/>\n<meta name=\"twitter:card\" content=\"summary_large_image\" \/>\n<meta name=\"twitter:label1\" content=\"Szacowany czas czytania\" \/>\n\t<meta name=\"twitter:data1\" content=\"2 minuty\" \/>\n<script type=\"application\/ld+json\" class=\"yoast-schema-graph\">{\"@context\":\"https:\\\/\\\/schema.org\",\"@graph\":[{\"@type\":\"WebPage\",\"@id\":\"https:\\\/\\\/noweprzetargi.pl\\\/warsztaty\\\/o-nas\\\/\",\"url\":\"https:\\\/\\\/noweprzetargi.pl\\\/warsztaty\\\/o-nas\\\/\",\"name\":\"O nas - Warsztaty Zam\u00f3wie\u0144 Publicznych\",\"isPartOf\":{\"@id\":\"https:\\\/\\\/noweprzetargi.pl\\\/warsztaty\\\/#website\"},\"primaryImageOfPage\":{\"@id\":\"https:\\\/\\\/noweprzetargi.pl\\\/warsztaty\\\/o-nas\\\/#primaryimage\"},\"image\":{\"@id\":\"https:\\\/\\\/noweprzetargi.pl\\\/warsztaty\\\/o-nas\\\/#primaryimage\"},\"thumbnailUrl\":\"https:\\\/\\\/noweprzetargi.pl\\\/warsztaty\\\/wp-content\\\/uploads\\\/2023\\\/01\\\/iso_9001_1.jpg\",\"datePublished\":\"2023-01-03T14:46:37+00:00\",\"dateModified\":\"2023-01-03T15:25:20+00:00\",\"breadcrumb\":{\"@id\":\"https:\\\/\\\/noweprzetargi.pl\\\/warsztaty\\\/o-nas\\\/#breadcrumb\"},\"inLanguage\":\"pl-PL\",\"potentialAction\":[{\"@type\":\"ReadAction\",\"target\":[\"https:\\\/\\\/noweprzetargi.pl\\\/warsztaty\\\/o-nas\\\/\"]}]},{\"@type\":\"ImageObject\",\"inLanguage\":\"pl-PL\",\"@id\":\"https:\\\/\\\/noweprzetargi.pl\\\/warsztaty\\\/o-nas\\\/#primaryimage\",\"url\":\"https:\\\/\\\/noweprzetargi.pl\\\/warsztaty\\\/wp-content\\\/uploads\\\/2023\\\/01\\\/iso_9001_1.jpg\",\"contentUrl\":\"https:\\\/\\\/noweprzetargi.pl\\\/warsztaty\\\/wp-content\\\/uploads\\\/2023\\\/01\\\/iso_9001_1.jpg\",\"width\":300,\"height\":300},{\"@type\":\"BreadcrumbList\",\"@id\":\"https:\\\/\\\/noweprzetargi.pl\\\/warsztaty\\\/o-nas\\\/#breadcrumb\",\"itemListElement\":[{\"@type\":\"ListItem\",\"position\":1,\"name\":\"Strona g\u0142\u00f3wna\",\"item\":\"https:\\\/\\\/noweprzetargi.pl\\\/warsztaty\\\/\"},{\"@type\":\"ListItem\",\"position\":2,\"name\":\"O nas\"}]},{\"@type\":\"WebSite\",\"@id\":\"https:\\\/\\\/noweprzetargi.pl\\\/warsztaty\\\/#website\",\"url\":\"https:\\\/\\\/noweprzetargi.pl\\\/warsztaty\\\/\",\"name\":\"Warsztaty Zam\u00f3wie\u0144 Publicznych\",\"description\":\"Szkolenia lepsze ni\u017c te do kt\u00f3rych przywyk\u0142e\u015b\",\"publisher\":{\"@id\":\"https:\\\/\\\/noweprzetargi.pl\\\/warsztaty\\\/#organization\"},\"potentialAction\":[{\"@type\":\"SearchAction\",\"target\":{\"@type\":\"EntryPoint\",\"urlTemplate\":\"https:\\\/\\\/noweprzetargi.pl\\\/warsztaty\\\/?s={search_term_string}\"},\"query-input\":{\"@type\":\"PropertyValueSpecification\",\"valueRequired\":true,\"valueName\":\"search_term_string\"}}],\"inLanguage\":\"pl-PL\"},{\"@type\":\"Organization\",\"@id\":\"https:\\\/\\\/noweprzetargi.pl\\\/warsztaty\\\/#organization\",\"name\":\"Warsztaty Zam\u00f3wie\u0144 Publicznych\",\"url\":\"https:\\\/\\\/noweprzetargi.pl\\\/warsztaty\\\/\",\"logo\":{\"@type\":\"ImageObject\",\"inLanguage\":\"pl-PL\",\"@id\":\"https:\\\/\\\/noweprzetargi.pl\\\/warsztaty\\\/#\\\/schema\\\/logo\\\/image\\\/\",\"url\":\"https:\\\/\\\/noweprzetargi.pl\\\/warsztaty\\\/wp-content\\\/uploads\\\/2022\\\/12\\\/np-100-600.png\",\"contentUrl\":\"https:\\\/\\\/noweprzetargi.pl\\\/warsztaty\\\/wp-content\\\/uploads\\\/2022\\\/12\\\/np-100-600.png\",\"width\":660,\"height\":110,\"caption\":\"Warsztaty Zam\u00f3wie\u0144 Publicznych\"},\"image\":{\"@id\":\"https:\\\/\\\/noweprzetargi.pl\\\/warsztaty\\\/#\\\/schema\\\/logo\\\/image\\\/\"},\"sameAs\":[\"https:\\\/\\\/www.facebook.com\\\/nowe.przetargi\\\/\"]}]}<\/script>\n<!-- \/ Yoast SEO plugin. -->","yoast_head_json":{"title":"O nas - Warsztaty Zam\u00f3wie\u0144 Publicznych","robots":{"index":"index","follow":"follow","max-snippet":"max-snippet:-1","max-image-preview":"max-image-preview:large","max-video-preview":"max-video-preview:-1"},"canonical":"https:\/\/noweprzetargi.pl\/warsztaty\/o-nas\/","og_locale":"pl_PL","og_type":"article","og_title":"O nas - Warsztaty Zam\u00f3wie\u0144 Publicznych","og_url":"https:\/\/noweprzetargi.pl\/warsztaty\/o-nas\/","og_site_name":"Warsztaty Zam\u00f3wie\u0144 Publicznych","article_publisher":"https:\/\/www.facebook.com\/nowe.przetargi\/","article_modified_time":"2023-01-03T15:25:20+00:00","og_image":[{"url":"https:\/\/noweprzetargi.pl\/warsztaty\/wp-content\/uploads\/2023\/01\/iso_9001_1.jpg","type":"","width":"","height":""}],"twitter_card":"summary_large_image","twitter_misc":{"Szacowany czas czytania":"2 minuty"},"schema":{"@context":"https:\/\/schema.org","@graph":[{"@type":"WebPage","@id":"https:\/\/noweprzetargi.pl\/warsztaty\/o-nas\/","url":"https:\/\/noweprzetargi.pl\/warsztaty\/o-nas\/","name":"O nas - Warsztaty Zam\u00f3wie\u0144 Publicznych","isPartOf":{"@id":"https:\/\/noweprzetargi.pl\/warsztaty\/#website"},"primaryImageOfPage":{"@id":"https:\/\/noweprzetargi.pl\/warsztaty\/o-nas\/#primaryimage"},"image":{"@id":"https:\/\/noweprzetargi.pl\/warsztaty\/o-nas\/#primaryimage"},"thumbnailUrl":"https:\/\/noweprzetargi.pl\/warsztaty\/wp-content\/uploads\/2023\/01\/iso_9001_1.jpg","datePublished":"2023-01-03T14:46:37+00:00","dateModified":"2023-01-03T15:25:20+00:00","breadcrumb":{"@id":"https:\/\/noweprzetargi.pl\/warsztaty\/o-nas\/#breadcrumb"},"inLanguage":"pl-PL","potentialAction":[{"@type":"ReadAction","target":["https:\/\/noweprzetargi.pl\/warsztaty\/o-nas\/"]}]},{"@type":"ImageObject","inLanguage":"pl-PL","@id":"https:\/\/noweprzetargi.pl\/warsztaty\/o-nas\/#primaryimage","url":"https:\/\/noweprzetargi.pl\/warsztaty\/wp-content\/uploads\/2023\/01\/iso_9001_1.jpg","contentUrl":"https:\/\/noweprzetargi.pl\/warsztaty\/wp-content\/uploads\/2023\/01\/iso_9001_1.jpg","width":300,"height":300},{"@type":"BreadcrumbList","@id":"https:\/\/noweprzetargi.pl\/warsztaty\/o-nas\/#breadcrumb","itemListElement":[{"@type":"ListItem","position":1,"name":"Strona g\u0142\u00f3wna","item":"https:\/\/noweprzetargi.pl\/warsztaty\/"},{"@type":"ListItem","position":2,"name":"O nas"}]},{"@type":"WebSite","@id":"https:\/\/noweprzetargi.pl\/warsztaty\/#website","url":"https:\/\/noweprzetargi.pl\/warsztaty\/","name":"Warsztaty Zam\u00f3wie\u0144 Publicznych","description":"Szkolenia lepsze ni\u017c te do kt\u00f3rych przywyk\u0142e\u015b","publisher":{"@id":"https:\/\/noweprzetargi.pl\/warsztaty\/#organization"},"potentialAction":[{"@type":"SearchAction","target":{"@type":"EntryPoint","urlTemplate":"https:\/\/noweprzetargi.pl\/warsztaty\/?s={search_term_string}"},"query-input":{"@type":"PropertyValueSpecification","valueRequired":true,"valueName":"search_term_string"}}],"inLanguage":"pl-PL"},{"@type":"Organization","@id":"https:\/\/noweprzetargi.pl\/warsztaty\/#organization","name":"Warsztaty Zam\u00f3wie\u0144 Publicznych","url":"https:\/\/noweprzetargi.pl\/warsztaty\/","logo":{"@type":"ImageObject","inLanguage":"pl-PL","@id":"https:\/\/noweprzetargi.pl\/warsztaty\/#\/schema\/logo\/image\/","url":"https:\/\/noweprzetargi.pl\/warsztaty\/wp-content\/uploads\/2022\/12\/np-100-600.png","contentUrl":"https:\/\/noweprzetargi.pl\/warsztaty\/wp-content\/uploads\/2022\/12\/np-100-600.png","width":660,"height":110,"caption":"Warsztaty Zam\u00f3wie\u0144 Publicznych"},"image":{"@id":"https:\/\/noweprzetargi.pl\/warsztaty\/#\/schema\/logo\/image\/"},"sameAs":["https:\/\/www.facebook.com\/nowe.przetargi\/"]}]}},"_links":{"self":[{"href":"https:\/\/noweprzetargi.pl\/warsztaty\/wp-json\/wp\/v2\/pages\/423","targetHints":{"allow":["GET"]}}],"collection":[{"href":"https:\/\/noweprzetargi.pl\/warsztaty\/wp-json\/wp\/v2\/pages"}],"about":[{"href":"https:\/\/noweprzetargi.pl\/warsztaty\/wp-json\/wp\/v2\/types\/page"}],"author":[{"embeddable":true,"href":"https:\/\/noweprzetargi.pl\/warsztaty\/wp-json\/wp\/v2\/users\/1"}],"replies":[{"embeddable":true,"href":"https:\/\/noweprzetargi.pl\/warsztaty\/wp-json\/wp\/v2\/comments?post=423"}],"version-history":[{"count":37,"href":"https:\/\/noweprzetargi.pl\/warsztaty\/wp-json\/wp\/v2\/pages\/423\/revisions"}],"predecessor-version":[{"id":465,"href":"https:\/\/noweprzetargi.pl\/warsztaty\/wp-json\/wp\/v2\/pages\/423\/revisions\/465"}],"wp:attachment":[{"href":"https:\/\/noweprzetargi.pl\/warsztaty\/wp-json\/wp\/v2\/media?parent=423"}],"curies":[{"name":"wp","href":"https:\/\/api.w.org\/{rel}","templated":true}]}}