{"id":169,"date":"2021-03-24T12:46:43","date_gmt":"2021-03-24T12:46:43","guid":{"rendered":"https:\/\/noweprzetargi.pl\/zamowienia-publiczne\/\/?page_id=169"},"modified":"2021-08-11T12:03:51","modified_gmt":"2021-08-11T12:03:51","slug":"zamow-szkolenie","status":"publish","type":"page","link":"https:\/\/noweprzetargi.pl\/zamowienia-publiczne\/zamow-szkolenie\/","title":{"rendered":"Zam\u00f3w Szkolenie"},"content":{"rendered":"","protected":false},"excerpt":{"rendered":"","protected":false},"author":1,"featured_media":0,"parent":0,"menu_order":0,"comment_status":"closed","ping_status":"closed","template":"","meta":{"_acf_changed":false,"footnotes":""},"class_list":["post-169","page","type-page","status-publish","hentry"],"acf":[],"yoast_head":"<!-- This site is optimized with the Yoast SEO plugin v27.4 - https:\/\/yoast.com\/product\/yoast-seo-wordpress\/ -->\n<title>Zam\u00f3w Szkolenie - NOWEPRZETARGI.PL - Szkolenia LEPSZE ni\u017c te do kt\u00f3rych przywyk\u0142e\u015b<\/title>\n<meta name=\"robots\" content=\"index, follow, max-snippet:-1, max-image-preview:large, max-video-preview:-1\" \/>\n<link rel=\"canonical\" href=\"https:\/\/noweprzetargi.pl\/zamowienia-publiczne\/zamow-szkolenie\/\" \/>\n<meta property=\"og:locale\" content=\"pl_PL\" \/>\n<meta property=\"og:type\" content=\"article\" \/>\n<meta property=\"og:title\" content=\"Zam\u00f3w Szkolenie - NOWEPRZETARGI.PL - Szkolenia LEPSZE ni\u017c te do kt\u00f3rych przywyk\u0142e\u015b\" \/>\n<meta property=\"og:url\" content=\"https:\/\/noweprzetargi.pl\/zamowienia-publiczne\/zamow-szkolenie\/\" \/>\n<meta property=\"og:site_name\" content=\"NOWEPRZETARGI.PL - Szkolenia LEPSZE ni\u017c te do kt\u00f3rych przywyk\u0142e\u015b\" \/>\n<meta property=\"article:modified_time\" content=\"2021-08-11T12:03:51+00:00\" \/>\n<meta name=\"twitter:card\" content=\"summary_large_image\" \/>\n<script type=\"application\/ld+json\" class=\"yoast-schema-graph\">{\"@context\":\"https:\\\/\\\/schema.org\",\"@graph\":[{\"@type\":\"WebPage\",\"@id\":\"https:\\\/\\\/noweprzetargi.pl\\\/zamowienia-publiczne\\\/zamow-szkolenie\\\/\",\"url\":\"https:\\\/\\\/noweprzetargi.pl\\\/zamowienia-publiczne\\\/zamow-szkolenie\\\/\",\"name\":\"Zam\u00f3w Szkolenie - NOWEPRZETARGI.PL - Szkolenia LEPSZE ni\u017c te do kt\u00f3rych przywyk\u0142e\u015b\",\"isPartOf\":{\"@id\":\"https:\\\/\\\/noweprzetargi.pl\\\/zamowienia-publiczne\\\/#website\"},\"datePublished\":\"2021-03-24T12:46:43+00:00\",\"dateModified\":\"2021-08-11T12:03:51+00:00\",\"breadcrumb\":{\"@id\":\"https:\\\/\\\/noweprzetargi.pl\\\/zamowienia-publiczne\\\/zamow-szkolenie\\\/#breadcrumb\"},\"inLanguage\":\"pl-PL\",\"potentialAction\":[{\"@type\":\"ReadAction\",\"target\":[\"https:\\\/\\\/noweprzetargi.pl\\\/zamowienia-publiczne\\\/zamow-szkolenie\\\/\"]}]},{\"@type\":\"BreadcrumbList\",\"@id\":\"https:\\\/\\\/noweprzetargi.pl\\\/zamowienia-publiczne\\\/zamow-szkolenie\\\/#breadcrumb\",\"itemListElement\":[{\"@type\":\"ListItem\",\"position\":1,\"name\":\"Strona g\u0142\u00f3wna\",\"item\":\"https:\\\/\\\/noweprzetargi.pl\\\/zamowienia-publiczne\\\/\"},{\"@type\":\"ListItem\",\"position\":2,\"name\":\"Zam\u00f3w Szkolenie\"}]},{\"@type\":\"WebSite\",\"@id\":\"https:\\\/\\\/noweprzetargi.pl\\\/zamowienia-publiczne\\\/#website\",\"url\":\"https:\\\/\\\/noweprzetargi.pl\\\/zamowienia-publiczne\\\/\",\"name\":\"NOWEPRZETARGI.PL - Szkolenia LEPSZE ni\u017c te do kt\u00f3rych przywyk\u0142e\u015b\",\"description\":\"Nowe Przetargi.pl - wszystko o zam\u00f3wieniach publicznych - przetargi publiczne w praktyce - Szkolenia zam\u00f3wienia publiczne.\",\"publisher\":{\"@id\":\"https:\\\/\\\/noweprzetargi.pl\\\/zamowienia-publiczne\\\/#organization\"},\"potentialAction\":[{\"@type\":\"SearchAction\",\"target\":{\"@type\":\"EntryPoint\",\"urlTemplate\":\"https:\\\/\\\/noweprzetargi.pl\\\/zamowienia-publiczne\\\/?s={search_term_string}\"},\"query-input\":{\"@type\":\"PropertyValueSpecification\",\"valueRequired\":true,\"valueName\":\"search_term_string\"}}],\"inLanguage\":\"pl-PL\"},{\"@type\":\"Organization\",\"@id\":\"https:\\\/\\\/noweprzetargi.pl\\\/zamowienia-publiczne\\\/#organization\",\"name\":\"Nowe Przetargi\",\"url\":\"https:\\\/\\\/noweprzetargi.pl\\\/zamowienia-publiczne\\\/\",\"logo\":{\"@type\":\"ImageObject\",\"inLanguage\":\"pl-PL\",\"@id\":\"https:\\\/\\\/noweprzetargi.pl\\\/zamowienia-publiczne\\\/#\\\/schema\\\/logo\\\/image\\\/\",\"url\":\"https:\\\/\\\/noweprzetargi.pl\\\/zamowienia-publiczne\\\/wp-content\\\/uploads\\\/2021\\\/03\\\/logo-min.png\",\"contentUrl\":\"https:\\\/\\\/noweprzetargi.pl\\\/zamowienia-publiczne\\\/wp-content\\\/uploads\\\/2021\\\/03\\\/logo-min.png\",\"width\":350,\"height\":65,\"caption\":\"Nowe Przetargi\"},\"image\":{\"@id\":\"https:\\\/\\\/noweprzetargi.pl\\\/zamowienia-publiczne\\\/#\\\/schema\\\/logo\\\/image\\\/\"}}]}<\/script>\n<!-- \/ Yoast SEO plugin. -->","yoast_head_json":{"title":"Zam\u00f3w Szkolenie - NOWEPRZETARGI.PL - Szkolenia LEPSZE ni\u017c te do kt\u00f3rych przywyk\u0142e\u015b","robots":{"index":"index","follow":"follow","max-snippet":"max-snippet:-1","max-image-preview":"max-image-preview:large","max-video-preview":"max-video-preview:-1"},"canonical":"https:\/\/noweprzetargi.pl\/zamowienia-publiczne\/zamow-szkolenie\/","og_locale":"pl_PL","og_type":"article","og_title":"Zam\u00f3w Szkolenie - NOWEPRZETARGI.PL - Szkolenia LEPSZE ni\u017c te do kt\u00f3rych przywyk\u0142e\u015b","og_url":"https:\/\/noweprzetargi.pl\/zamowienia-publiczne\/zamow-szkolenie\/","og_site_name":"NOWEPRZETARGI.PL - Szkolenia LEPSZE ni\u017c te do kt\u00f3rych przywyk\u0142e\u015b","article_modified_time":"2021-08-11T12:03:51+00:00","twitter_card":"summary_large_image","schema":{"@context":"https:\/\/schema.org","@graph":[{"@type":"WebPage","@id":"https:\/\/noweprzetargi.pl\/zamowienia-publiczne\/zamow-szkolenie\/","url":"https:\/\/noweprzetargi.pl\/zamowienia-publiczne\/zamow-szkolenie\/","name":"Zam\u00f3w Szkolenie - NOWEPRZETARGI.PL - Szkolenia LEPSZE ni\u017c te do kt\u00f3rych przywyk\u0142e\u015b","isPartOf":{"@id":"https:\/\/noweprzetargi.pl\/zamowienia-publiczne\/#website"},"datePublished":"2021-03-24T12:46:43+00:00","dateModified":"2021-08-11T12:03:51+00:00","breadcrumb":{"@id":"https:\/\/noweprzetargi.pl\/zamowienia-publiczne\/zamow-szkolenie\/#breadcrumb"},"inLanguage":"pl-PL","potentialAction":[{"@type":"ReadAction","target":["https:\/\/noweprzetargi.pl\/zamowienia-publiczne\/zamow-szkolenie\/"]}]},{"@type":"BreadcrumbList","@id":"https:\/\/noweprzetargi.pl\/zamowienia-publiczne\/zamow-szkolenie\/#breadcrumb","itemListElement":[{"@type":"ListItem","position":1,"name":"Strona g\u0142\u00f3wna","item":"https:\/\/noweprzetargi.pl\/zamowienia-publiczne\/"},{"@type":"ListItem","position":2,"name":"Zam\u00f3w Szkolenie"}]},{"@type":"WebSite","@id":"https:\/\/noweprzetargi.pl\/zamowienia-publiczne\/#website","url":"https:\/\/noweprzetargi.pl\/zamowienia-publiczne\/","name":"NOWEPRZETARGI.PL - Szkolenia LEPSZE ni\u017c te do kt\u00f3rych przywyk\u0142e\u015b","description":"Nowe Przetargi.pl - wszystko o zam\u00f3wieniach publicznych - przetargi publiczne w praktyce - Szkolenia zam\u00f3wienia publiczne.","publisher":{"@id":"https:\/\/noweprzetargi.pl\/zamowienia-publiczne\/#organization"},"potentialAction":[{"@type":"SearchAction","target":{"@type":"EntryPoint","urlTemplate":"https:\/\/noweprzetargi.pl\/zamowienia-publiczne\/?s={search_term_string}"},"query-input":{"@type":"PropertyValueSpecification","valueRequired":true,"valueName":"search_term_string"}}],"inLanguage":"pl-PL"},{"@type":"Organization","@id":"https:\/\/noweprzetargi.pl\/zamowienia-publiczne\/#organization","name":"Nowe Przetargi","url":"https:\/\/noweprzetargi.pl\/zamowienia-publiczne\/","logo":{"@type":"ImageObject","inLanguage":"pl-PL","@id":"https:\/\/noweprzetargi.pl\/zamowienia-publiczne\/#\/schema\/logo\/image\/","url":"https:\/\/noweprzetargi.pl\/zamowienia-publiczne\/wp-content\/uploads\/2021\/03\/logo-min.png","contentUrl":"https:\/\/noweprzetargi.pl\/zamowienia-publiczne\/wp-content\/uploads\/2021\/03\/logo-min.png","width":350,"height":65,"caption":"Nowe Przetargi"},"image":{"@id":"https:\/\/noweprzetargi.pl\/zamowienia-publiczne\/#\/schema\/logo\/image\/"}}]}},"_links":{"self":[{"href":"https:\/\/noweprzetargi.pl\/zamowienia-publiczne\/wp-json\/wp\/v2\/pages\/169","targetHints":{"allow":["GET"]}}],"collection":[{"href":"https:\/\/noweprzetargi.pl\/zamowienia-publiczne\/wp-json\/wp\/v2\/pages"}],"about":[{"href":"https:\/\/noweprzetargi.pl\/zamowienia-publiczne\/wp-json\/wp\/v2\/types\/page"}],"author":[{"embeddable":true,"href":"https:\/\/noweprzetargi.pl\/zamowienia-publiczne\/wp-json\/wp\/v2\/users\/1"}],"replies":[{"embeddable":true,"href":"https:\/\/noweprzetargi.pl\/zamowienia-publiczne\/wp-json\/wp\/v2\/comments?post=169"}],"version-history":[{"count":3,"href":"https:\/\/noweprzetargi.pl\/zamowienia-publiczne\/wp-json\/wp\/v2\/pages\/169\/revisions"}],"predecessor-version":[{"id":421,"href":"https:\/\/noweprzetargi.pl\/zamowienia-publiczne\/wp-json\/wp\/v2\/pages\/169\/revisions\/421"}],"wp:attachment":[{"href":"https:\/\/noweprzetargi.pl\/zamowienia-publiczne\/wp-json\/wp\/v2\/media?parent=169"}],"curies":[{"name":"wp","href":"https:\/\/api.w.org\/{rel}","templated":true}]}}