{"id":417,"date":"2021-05-27T09:14:08","date_gmt":"2021-05-27T09:14:08","guid":{"rendered":"https:\/\/noweprzetargi.pl\/zamowienia-publiczne\/?page_id=417"},"modified":"2021-05-27T09:14:35","modified_gmt":"2021-05-27T09:14:35","slug":"zamow-szkolenie-zamkniete","status":"publish","type":"page","link":"https:\/\/noweprzetargi.pl\/zamowienia-publiczne\/zamow-szkolenie-zamkniete\/","title":{"rendered":"Zam\u00f3w Szkolenie Zamkni\u0119te"},"content":{"rendered":"\n<h2 class=\"wp-block-heading\">Szkolenia zamkni\u0119te z zam\u00f3wie\u0144 publicznych<\/h2>\n\n\n\n<p>Szkolenia zamkni\u0119te dedykowane s\u0105 zar\u00f3wno dla zamawiaj\u0105cych jak i wykonawc\u00f3w \u2013 firm startuj\u0105cych w przetargach. Ka\u017cdorazowo do dyspozycji klienta stawiamy osoby prowadz\u0105ce o najlepszych referencjach, od lat zajmuj\u0105ce si\u0119 zam\u00f3wieniami publicznymi, kt\u00f3re wiedz\u0119 teoretyczn\u0105 popieraj\u0105 d\u0142ugoletni\u0105 praktyka i doskona\u0142\u0105 znajomo\u015bci\u0105 tematu.<\/p>\n\n\n\n<h2 class=\"wp-block-heading\">Kiedy warto wybra\u0107 szkolenie zamkni\u0119te?<\/h2>\n\n\n\n<ol class=\"wp-block-list\"><li>Kiedy masz do przeszkolenia wi\u0119ksz\u0105 ilo\u015b\u0107 pracownik\u00f3w.<\/li><li>Kiedy chcesz mie\u0107 wp\u0142yw na zakres merytoryczny szkolenia.<\/li><li>Kiedy chcesz omawia\u0107 na szkoleniu wy\u0142\u0105cznie przyk\u0142ady z w\u0142asnej bran\u017cy.<\/li><li>Kiedy chcesz pracowa\u0107 na w\u0142asnych dokumentach i omawia\u0107 wy\u0142\u0105cznie w\u0142asne problemy.<\/li><li>Kiedy chcesz zdecydowa\u0107 w jakim terminie, jakich godzinach b\u0119dzie prowadzone szkolenie oraz to Ty chcesz wyznaczy\u0107 miejsce szkolenia.<\/li><\/ol>\n\n\n\n<h2 class=\"wp-block-heading\">Dlaczego warto wybra\u0107 szkolenie zamkni\u0119te?<\/h2>\n\n\n\n<ol class=\"wp-block-list\"><li>W przypadku wi\u0119kszej ilo\u015bci uczestnik\u00f3w jednostkowy koszt takiego szkolenia jest ni\u017cszy.<\/li><li>Mo\u017cesz wybra\u0107 wersj\u0119 szkolenia z materia\u0142ami szkoleniowymi w wersji drukowanej lub elektronicznej.<\/li><li>Mo\u017cesz zaprosi\u0107 na to szkolenie inne osoby z zaprzyja\u017anionych firm lub instytucji \u2013 w\u00f3wczas koszt szkolenia roz\u0142o\u017cy si\u0119 na kilka podmiot\u00f3w.<\/li><\/ol>\n\n\n\n<p><strong>Uwaga:<\/strong><\/p>\n\n\n\n<p>W\u015br\u00f3d naszych klient\u00f3w popularne s\u0105 szkolenia dla pracownik\u00f3w podleg\u0142ych jednostek \u2013 szkolenia takie organizowane s\u0105 przez jednostk\u0119 nadrz\u0119dn\u0105, np. przez Gmin\u0119 lub Starostwo Powiatowe. W tym przypadku koszt szkolenia rozk\u0142ada si\u0119 na kilka podmiot\u00f3w \u2013 ka\u017cdy z nich dostaje odr\u0119bn\u0105 faktur\u0119 VAT.<\/p>\n\n\n\n<h2 class=\"wp-block-heading\">Zam\u00f3wienia publiczne dla Zamawiaj\u0105cych<\/h2>\n\n\n\n<p>Przygotowanie post\u0119powania o udzielenie zam\u00f3wienia publicznego, Wzorcowe prowadzenie procedur udzielania zam\u00f3wie\u0144 publicznych, Zam\u00f3wienia publiczne na roboty budowlane, Dokumentowanie zam\u00f3wie\u0144 publicznych, Kontrole i nieprawid\u0142owo\u015bci w udzielaniu zam\u00f3wie\u0144 publicznych, Umowy w zam\u00f3wieniach publicznych, Warsztaty orzecznicze, Zmiany w zam\u00f3wieniach publicznych, Zam\u00f3wienia publiczne dla pocz\u0105tkuj\u0105cych, 3-dniowe Warsztaty Zam\u00f3wie\u0144 Publicznych.<\/p>\n\n\n\n<h2 class=\"wp-block-heading\">Zam\u00f3wienia publiczne dla Wykonawc\u00f3w<\/h2>\n\n\n\n<p>Zam\u00f3wienia publiczne dla pocz\u0105tkuj\u0105cych, Wygrywanie przetarg\u00f3w \u2013 praktyczne warsztaty, Sytuacje sporne w zam\u00f3wieniach publicznych, Zmiany w zam\u00f3wieniach publicznych, &nbsp;Zam\u00f3wienia publiczne na roboty budowlane, Umowy w zam\u00f3wieniach publicznych, Warsztaty orzecznicze.<\/p>\n","protected":false},"excerpt":{"rendered":"<p>Szkolenia zamkni\u0119te z zam\u00f3wie\u0144 publicznych Szkolenia zamkni\u0119te dedykowane s\u0105 zar\u00f3wno dla zamawiaj\u0105cych jak i wykonawc\u00f3w \u2013 firm startuj\u0105cych w przetargach. Ka\u017cdorazowo do dyspozycji klienta stawiamy osoby prowadz\u0105ce o najlepszych referencjach, od lat zajmuj\u0105ce si\u0119 zam\u00f3wieniami publicznymi, kt\u00f3re wiedz\u0119 teoretyczn\u0105 popieraj\u0105 d\u0142ugoletni\u0105 praktyka i doskona\u0142\u0105 znajomo\u015bci\u0105 tematu. Kiedy warto wybra\u0107 szkolenie zamkni\u0119te? Kiedy masz do przeszkolenia [&hellip;]<\/p>\n","protected":false},"author":1,"featured_media":0,"parent":0,"menu_order":0,"comment_status":"closed","ping_status":"closed","template":"template-content.php","meta":{"_acf_changed":false,"footnotes":""},"class_list":["post-417","page","type-page","status-publish","hentry"],"acf":[],"yoast_head":"<!-- This site is optimized with the Yoast SEO plugin v27.4 - https:\/\/yoast.com\/product\/yoast-seo-wordpress\/ -->\n<title>Zam\u00f3w Szkolenie Zamkni\u0119te - NOWEPRZETARGI.PL - Szkolenia LEPSZE ni\u017c te do kt\u00f3rych przywyk\u0142e\u015b<\/title>\n<meta name=\"robots\" content=\"index, follow, max-snippet:-1, max-image-preview:large, max-video-preview:-1\" \/>\n<link rel=\"canonical\" href=\"https:\/\/noweprzetargi.pl\/zamowienia-publiczne\/zamow-szkolenie-zamkniete\/\" \/>\n<meta property=\"og:locale\" content=\"pl_PL\" \/>\n<meta property=\"og:type\" content=\"article\" \/>\n<meta property=\"og:title\" content=\"Zam\u00f3w Szkolenie Zamkni\u0119te - NOWEPRZETARGI.PL - Szkolenia LEPSZE ni\u017c te do kt\u00f3rych przywyk\u0142e\u015b\" \/>\n<meta property=\"og:description\" content=\"Szkolenia zamkni\u0119te z zam\u00f3wie\u0144 publicznych Szkolenia zamkni\u0119te dedykowane s\u0105 zar\u00f3wno dla zamawiaj\u0105cych jak i wykonawc\u00f3w \u2013 firm startuj\u0105cych w przetargach. Ka\u017cdorazowo do dyspozycji klienta stawiamy osoby prowadz\u0105ce o najlepszych referencjach, od lat zajmuj\u0105ce si\u0119 zam\u00f3wieniami publicznymi, kt\u00f3re wiedz\u0119 teoretyczn\u0105 popieraj\u0105 d\u0142ugoletni\u0105 praktyka i doskona\u0142\u0105 znajomo\u015bci\u0105 tematu. Kiedy warto wybra\u0107 szkolenie zamkni\u0119te? Kiedy masz do przeszkolenia [&hellip;]\" \/>\n<meta property=\"og:url\" content=\"https:\/\/noweprzetargi.pl\/zamowienia-publiczne\/zamow-szkolenie-zamkniete\/\" \/>\n<meta property=\"og:site_name\" content=\"NOWEPRZETARGI.PL - Szkolenia LEPSZE ni\u017c te do kt\u00f3rych przywyk\u0142e\u015b\" \/>\n<meta property=\"article:modified_time\" content=\"2021-05-27T09:14:35+00:00\" \/>\n<meta name=\"twitter:card\" content=\"summary_large_image\" \/>\n<meta name=\"twitter:label1\" content=\"Szacowany czas czytania\" \/>\n\t<meta name=\"twitter:data1\" content=\"2 minuty\" \/>\n<script type=\"application\/ld+json\" class=\"yoast-schema-graph\">{\"@context\":\"https:\\\/\\\/schema.org\",\"@graph\":[{\"@type\":\"WebPage\",\"@id\":\"https:\\\/\\\/noweprzetargi.pl\\\/zamowienia-publiczne\\\/zamow-szkolenie-zamkniete\\\/\",\"url\":\"https:\\\/\\\/noweprzetargi.pl\\\/zamowienia-publiczne\\\/zamow-szkolenie-zamkniete\\\/\",\"name\":\"Zam\u00f3w Szkolenie Zamkni\u0119te - NOWEPRZETARGI.PL - Szkolenia LEPSZE ni\u017c te do kt\u00f3rych przywyk\u0142e\u015b\",\"isPartOf\":{\"@id\":\"https:\\\/\\\/noweprzetargi.pl\\\/zamowienia-publiczne\\\/#website\"},\"datePublished\":\"2021-05-27T09:14:08+00:00\",\"dateModified\":\"2021-05-27T09:14:35+00:00\",\"breadcrumb\":{\"@id\":\"https:\\\/\\\/noweprzetargi.pl\\\/zamowienia-publiczne\\\/zamow-szkolenie-zamkniete\\\/#breadcrumb\"},\"inLanguage\":\"pl-PL\",\"potentialAction\":[{\"@type\":\"ReadAction\",\"target\":[\"https:\\\/\\\/noweprzetargi.pl\\\/zamowienia-publiczne\\\/zamow-szkolenie-zamkniete\\\/\"]}]},{\"@type\":\"BreadcrumbList\",\"@id\":\"https:\\\/\\\/noweprzetargi.pl\\\/zamowienia-publiczne\\\/zamow-szkolenie-zamkniete\\\/#breadcrumb\",\"itemListElement\":[{\"@type\":\"ListItem\",\"position\":1,\"name\":\"Strona g\u0142\u00f3wna\",\"item\":\"https:\\\/\\\/noweprzetargi.pl\\\/zamowienia-publiczne\\\/\"},{\"@type\":\"ListItem\",\"position\":2,\"name\":\"Zam\u00f3w Szkolenie Zamkni\u0119te\"}]},{\"@type\":\"WebSite\",\"@id\":\"https:\\\/\\\/noweprzetargi.pl\\\/zamowienia-publiczne\\\/#website\",\"url\":\"https:\\\/\\\/noweprzetargi.pl\\\/zamowienia-publiczne\\\/\",\"name\":\"NOWEPRZETARGI.PL - Szkolenia LEPSZE ni\u017c te do kt\u00f3rych przywyk\u0142e\u015b\",\"description\":\"Nowe Przetargi.pl - wszystko o zam\u00f3wieniach publicznych - przetargi publiczne w praktyce - Szkolenia zam\u00f3wienia publiczne.\",\"publisher\":{\"@id\":\"https:\\\/\\\/noweprzetargi.pl\\\/zamowienia-publiczne\\\/#organization\"},\"potentialAction\":[{\"@type\":\"SearchAction\",\"target\":{\"@type\":\"EntryPoint\",\"urlTemplate\":\"https:\\\/\\\/noweprzetargi.pl\\\/zamowienia-publiczne\\\/?s={search_term_string}\"},\"query-input\":{\"@type\":\"PropertyValueSpecification\",\"valueRequired\":true,\"valueName\":\"search_term_string\"}}],\"inLanguage\":\"pl-PL\"},{\"@type\":\"Organization\",\"@id\":\"https:\\\/\\\/noweprzetargi.pl\\\/zamowienia-publiczne\\\/#organization\",\"name\":\"Nowe Przetargi\",\"url\":\"https:\\\/\\\/noweprzetargi.pl\\\/zamowienia-publiczne\\\/\",\"logo\":{\"@type\":\"ImageObject\",\"inLanguage\":\"pl-PL\",\"@id\":\"https:\\\/\\\/noweprzetargi.pl\\\/zamowienia-publiczne\\\/#\\\/schema\\\/logo\\\/image\\\/\",\"url\":\"https:\\\/\\\/noweprzetargi.pl\\\/zamowienia-publiczne\\\/wp-content\\\/uploads\\\/2021\\\/03\\\/logo-min.png\",\"contentUrl\":\"https:\\\/\\\/noweprzetargi.pl\\\/zamowienia-publiczne\\\/wp-content\\\/uploads\\\/2021\\\/03\\\/logo-min.png\",\"width\":350,\"height\":65,\"caption\":\"Nowe Przetargi\"},\"image\":{\"@id\":\"https:\\\/\\\/noweprzetargi.pl\\\/zamowienia-publiczne\\\/#\\\/schema\\\/logo\\\/image\\\/\"}}]}<\/script>\n<!-- \/ Yoast SEO plugin. -->","yoast_head_json":{"title":"Zam\u00f3w Szkolenie Zamkni\u0119te - NOWEPRZETARGI.PL - Szkolenia LEPSZE ni\u017c te do kt\u00f3rych przywyk\u0142e\u015b","robots":{"index":"index","follow":"follow","max-snippet":"max-snippet:-1","max-image-preview":"max-image-preview:large","max-video-preview":"max-video-preview:-1"},"canonical":"https:\/\/noweprzetargi.pl\/zamowienia-publiczne\/zamow-szkolenie-zamkniete\/","og_locale":"pl_PL","og_type":"article","og_title":"Zam\u00f3w Szkolenie Zamkni\u0119te - NOWEPRZETARGI.PL - Szkolenia LEPSZE ni\u017c te do kt\u00f3rych przywyk\u0142e\u015b","og_description":"Szkolenia zamkni\u0119te z zam\u00f3wie\u0144 publicznych Szkolenia zamkni\u0119te dedykowane s\u0105 zar\u00f3wno dla zamawiaj\u0105cych jak i wykonawc\u00f3w \u2013 firm startuj\u0105cych w przetargach. Ka\u017cdorazowo do dyspozycji klienta stawiamy osoby prowadz\u0105ce o najlepszych referencjach, od lat zajmuj\u0105ce si\u0119 zam\u00f3wieniami publicznymi, kt\u00f3re wiedz\u0119 teoretyczn\u0105 popieraj\u0105 d\u0142ugoletni\u0105 praktyka i doskona\u0142\u0105 znajomo\u015bci\u0105 tematu. Kiedy warto wybra\u0107 szkolenie zamkni\u0119te? Kiedy masz do przeszkolenia [&hellip;]","og_url":"https:\/\/noweprzetargi.pl\/zamowienia-publiczne\/zamow-szkolenie-zamkniete\/","og_site_name":"NOWEPRZETARGI.PL - Szkolenia LEPSZE ni\u017c te do kt\u00f3rych przywyk\u0142e\u015b","article_modified_time":"2021-05-27T09:14:35+00:00","twitter_card":"summary_large_image","twitter_misc":{"Szacowany czas czytania":"2 minuty"},"schema":{"@context":"https:\/\/schema.org","@graph":[{"@type":"WebPage","@id":"https:\/\/noweprzetargi.pl\/zamowienia-publiczne\/zamow-szkolenie-zamkniete\/","url":"https:\/\/noweprzetargi.pl\/zamowienia-publiczne\/zamow-szkolenie-zamkniete\/","name":"Zam\u00f3w Szkolenie Zamkni\u0119te - NOWEPRZETARGI.PL - Szkolenia LEPSZE ni\u017c te do kt\u00f3rych przywyk\u0142e\u015b","isPartOf":{"@id":"https:\/\/noweprzetargi.pl\/zamowienia-publiczne\/#website"},"datePublished":"2021-05-27T09:14:08+00:00","dateModified":"2021-05-27T09:14:35+00:00","breadcrumb":{"@id":"https:\/\/noweprzetargi.pl\/zamowienia-publiczne\/zamow-szkolenie-zamkniete\/#breadcrumb"},"inLanguage":"pl-PL","potentialAction":[{"@type":"ReadAction","target":["https:\/\/noweprzetargi.pl\/zamowienia-publiczne\/zamow-szkolenie-zamkniete\/"]}]},{"@type":"BreadcrumbList","@id":"https:\/\/noweprzetargi.pl\/zamowienia-publiczne\/zamow-szkolenie-zamkniete\/#breadcrumb","itemListElement":[{"@type":"ListItem","position":1,"name":"Strona g\u0142\u00f3wna","item":"https:\/\/noweprzetargi.pl\/zamowienia-publiczne\/"},{"@type":"ListItem","position":2,"name":"Zam\u00f3w Szkolenie Zamkni\u0119te"}]},{"@type":"WebSite","@id":"https:\/\/noweprzetargi.pl\/zamowienia-publiczne\/#website","url":"https:\/\/noweprzetargi.pl\/zamowienia-publiczne\/","name":"NOWEPRZETARGI.PL - Szkolenia LEPSZE ni\u017c te do kt\u00f3rych przywyk\u0142e\u015b","description":"Nowe Przetargi.pl - wszystko o zam\u00f3wieniach publicznych - przetargi publiczne w praktyce - Szkolenia zam\u00f3wienia publiczne.","publisher":{"@id":"https:\/\/noweprzetargi.pl\/zamowienia-publiczne\/#organization"},"potentialAction":[{"@type":"SearchAction","target":{"@type":"EntryPoint","urlTemplate":"https:\/\/noweprzetargi.pl\/zamowienia-publiczne\/?s={search_term_string}"},"query-input":{"@type":"PropertyValueSpecification","valueRequired":true,"valueName":"search_term_string"}}],"inLanguage":"pl-PL"},{"@type":"Organization","@id":"https:\/\/noweprzetargi.pl\/zamowienia-publiczne\/#organization","name":"Nowe Przetargi","url":"https:\/\/noweprzetargi.pl\/zamowienia-publiczne\/","logo":{"@type":"ImageObject","inLanguage":"pl-PL","@id":"https:\/\/noweprzetargi.pl\/zamowienia-publiczne\/#\/schema\/logo\/image\/","url":"https:\/\/noweprzetargi.pl\/zamowienia-publiczne\/wp-content\/uploads\/2021\/03\/logo-min.png","contentUrl":"https:\/\/noweprzetargi.pl\/zamowienia-publiczne\/wp-content\/uploads\/2021\/03\/logo-min.png","width":350,"height":65,"caption":"Nowe Przetargi"},"image":{"@id":"https:\/\/noweprzetargi.pl\/zamowienia-publiczne\/#\/schema\/logo\/image\/"}}]}},"_links":{"self":[{"href":"https:\/\/noweprzetargi.pl\/zamowienia-publiczne\/wp-json\/wp\/v2\/pages\/417","targetHints":{"allow":["GET"]}}],"collection":[{"href":"https:\/\/noweprzetargi.pl\/zamowienia-publiczne\/wp-json\/wp\/v2\/pages"}],"about":[{"href":"https:\/\/noweprzetargi.pl\/zamowienia-publiczne\/wp-json\/wp\/v2\/types\/page"}],"author":[{"embeddable":true,"href":"https:\/\/noweprzetargi.pl\/zamowienia-publiczne\/wp-json\/wp\/v2\/users\/1"}],"replies":[{"embeddable":true,"href":"https:\/\/noweprzetargi.pl\/zamowienia-publiczne\/wp-json\/wp\/v2\/comments?post=417"}],"version-history":[{"count":1,"href":"https:\/\/noweprzetargi.pl\/zamowienia-publiczne\/wp-json\/wp\/v2\/pages\/417\/revisions"}],"predecessor-version":[{"id":420,"href":"https:\/\/noweprzetargi.pl\/zamowienia-publiczne\/wp-json\/wp\/v2\/pages\/417\/revisions\/420"}],"wp:attachment":[{"href":"https:\/\/noweprzetargi.pl\/zamowienia-publiczne\/wp-json\/wp\/v2\/media?parent=417"}],"curies":[{"name":"wp","href":"https:\/\/api.w.org\/{rel}","templated":true}]}}